{"id":166,"date":"2015-05-19T08:32:46","date_gmt":"2015-05-19T06:32:46","guid":{"rendered":"http:\/\/hogwild.cz\/?page_id=166"},"modified":"2026-03-23T16:47:36","modified_gmt":"2026-03-23T15:47:36","slug":"home","status":"publish","type":"page","link":"https:\/\/hogwild.cz\/","title":{"rendered":"Home"},"content":{"rendered":"<div id=\"pl-166\"  class=\"panel-layout\" ><div id=\"pg-166-0\"  class=\"panel-grid panel-no-style\" ><div id=\"pgc-166-0-0\"  class=\"panel-grid-cell\" ><div id=\"panel-166-0-0-0\" class=\"so-panel widget widget_sow-image panel-first-child panel-last-child\" data-index=\"0\" ><div\n\t\t\t\n\t\t\tclass=\"so-widget-sow-image so-widget-sow-image-default-8b5b6f678277-166\"\n\t\t\t\n\t\t>\n<div class=\"sow-image-container\">\n\t\t<img \n\tsrc=\"https:\/\/hogwild.cz\/wp-content\/uploads\/2025\/02\/Ginnie-plus-Jedno.jpg\" width=\"900\" height=\"649\" srcset=\"https:\/\/hogwild.cz\/wp-content\/uploads\/2025\/02\/Ginnie-plus-Jedno.jpg 900w, https:\/\/hogwild.cz\/wp-content\/uploads\/2025\/02\/Ginnie-plus-Jedno-300x216.jpg 300w, https:\/\/hogwild.cz\/wp-content\/uploads\/2025\/02\/Ginnie-plus-Jedno-768x554.jpg 768w\" sizes=\"(max-width: 900px) 100vw, 900px\" title=\"Ginnie plus Jedno\" alt=\"\" \t\tclass=\"so-widget-image\"\/>\n\t<\/div>\n\n<\/div><\/div><\/div><div id=\"pgc-166-0-1\"  class=\"panel-grid-cell\" ><div id=\"panel-166-0-1-0\" class=\"so-panel widget widget_sow-image panel-first-child panel-last-child\" data-index=\"1\" ><div\n\t\t\t\n\t\t\tclass=\"so-widget-sow-image so-widget-sow-image-default-8b5b6f678277-166\"\n\t\t\t\n\t\t>\n<div class=\"sow-image-container\">\n\t\t<img \n\tsrc=\"https:\/\/hogwild.cz\/wp-content\/uploads\/2025\/02\/Aneira-a-Lada.jpg\" width=\"1014\" height=\"717\" srcset=\"https:\/\/hogwild.cz\/wp-content\/uploads\/2025\/02\/Aneira-a-Lada.jpg 1014w, https:\/\/hogwild.cz\/wp-content\/uploads\/2025\/02\/Aneira-a-Lada-300x212.jpg 300w, https:\/\/hogwild.cz\/wp-content\/uploads\/2025\/02\/Aneira-a-Lada-768x543.jpg 768w\" sizes=\"(max-width: 1014px) 100vw, 1014px\" title=\"Aneira a Lada\" alt=\"\" \t\tclass=\"so-widget-image\"\/>\n\t<\/div>\n\n<\/div><\/div><\/div><div id=\"pgc-166-0-2\"  class=\"panel-grid-cell\" ><div id=\"panel-166-0-2-0\" class=\"so-panel widget widget_sow-image panel-first-child panel-last-child\" data-index=\"2\" ><div\n\t\t\t\n\t\t\tclass=\"so-widget-sow-image so-widget-sow-image-default-8b5b6f678277-166\"\n\t\t\t\n\t\t>\n<div class=\"sow-image-container\">\n\t\t<img \n\tsrc=\"https:\/\/hogwild.cz\/wp-content\/uploads\/2025\/02\/Mikie-plus-Jedno.jpg\" width=\"813\" height=\"679\" srcset=\"https:\/\/hogwild.cz\/wp-content\/uploads\/2025\/02\/Mikie-plus-Jedno.jpg 813w, https:\/\/hogwild.cz\/wp-content\/uploads\/2025\/02\/Mikie-plus-Jedno-300x251.jpg 300w, https:\/\/hogwild.cz\/wp-content\/uploads\/2025\/02\/Mikie-plus-Jedno-768x641.jpg 768w\" sizes=\"(max-width: 813px) 100vw, 813px\" title=\"Mikie plus Jedno\" alt=\"\" \t\tclass=\"so-widget-image\"\/>\n\t<\/div>\n\n<\/div><\/div><\/div><\/div><div id=\"pg-166-1\"  class=\"panel-grid panel-no-style\" ><div id=\"pgc-166-1-0\"  class=\"panel-grid-cell\" ><div id=\"panel-166-1-0-0\" class=\"so-panel widget widget_sow-editor panel-first-child panel-last-child\" data-index=\"3\" ><div\n\t\t\t\n\t\t\tclass=\"so-widget-sow-editor so-widget-sow-editor-base\"\n\t\t\t\n\t\t>\n<div class=\"siteorigin-widget-tinymce textwidget\">\n\t<h1 style=\"text-align: center;\"><strong><span style=\"color: #0000ff;\"><span style=\"color: #800080;\">MEZIN\u00c1RODN\u011a CHR\u00c1N\u011aN\u00c1 CHOVATELSK\u00c1 STANICE FCI<\/span> \"HOGWILD\"<\/span><\/strong><\/h1>\n<h1 style=\"text-align: center;\"><span style=\"color: #0000ff;\">pro plemena JACK RUSSELL TERRIER a WELSH CORGI CARDIGAN<\/span><\/h1>\n<h1 style=\"text-align: center;\"><strong><span style=\"color: #0000ff;\"><span style=\"color: #008000;\">V\u00cdTEJTE!<\/span>\u00a0<\/span><\/strong><\/h1>\n<\/div>\n<\/div><\/div><\/div><\/div><\/div>","protected":false},"excerpt":{"rendered":"<p>MEZIN\u00c1RODN\u011a CHR\u00c1N\u011aN\u00c1 CHOVATELSK\u00c1 STANICE FCI &#8222;HOGWILD&#8220; pro plemena JACK RUSSELL TERRIER a WELSH CORGI CARDIGAN V\u00cdTEJTE!\u00a0<\/p>\n","protected":false},"author":1,"featured_media":0,"parent":0,"menu_order":0,"comment_status":"closed","ping_status":"closed","template":"home-panels.php","meta":{"footnotes":""},"class_list":["post-166","page","type-page","status-publish","hentry","post"],"_links":{"self":[{"href":"https:\/\/hogwild.cz\/index.php?rest_route=\/wp\/v2\/pages\/166","targetHints":{"allow":["GET"]}}],"collection":[{"href":"https:\/\/hogwild.cz\/index.php?rest_route=\/wp\/v2\/pages"}],"about":[{"href":"https:\/\/hogwild.cz\/index.php?rest_route=\/wp\/v2\/types\/page"}],"author":[{"embeddable":true,"href":"https:\/\/hogwild.cz\/index.php?rest_route=\/wp\/v2\/users\/1"}],"replies":[{"embeddable":true,"href":"https:\/\/hogwild.cz\/index.php?rest_route=%2Fwp%2Fv2%2Fcomments&post=166"}],"version-history":[{"count":17,"href":"https:\/\/hogwild.cz\/index.php?rest_route=\/wp\/v2\/pages\/166\/revisions"}],"predecessor-version":[{"id":2380,"href":"https:\/\/hogwild.cz\/index.php?rest_route=\/wp\/v2\/pages\/166\/revisions\/2380"}],"wp:attachment":[{"href":"https:\/\/hogwild.cz\/index.php?rest_route=%2Fwp%2Fv2%2Fmedia&parent=166"}],"curies":[{"name":"wp","href":"https:\/\/api.w.org\/{rel}","templated":true}]}}