{"id":2053,"date":"2020-09-29T11:49:53","date_gmt":"2020-09-29T09:49:53","guid":{"rendered":"http:\/\/hogwild.cz\/?page_id=2053"},"modified":"2025-11-11T10:43:09","modified_gmt":"2025-11-11T09:43:09","slug":"emma-hogwild","status":"publish","type":"page","link":"https:\/\/hogwild.cz\/?page_id=2053","title":{"rendered":"LADA HOGWILD"},"content":{"rendered":"<div id=\"pl-2053\"  class=\"panel-layout\" ><div id=\"pg-2053-0\"  class=\"panel-grid panel-no-style\" ><div id=\"pgc-2053-0-0\"  class=\"panel-grid-cell\" ><div id=\"panel-2053-0-0-0\" class=\"so-panel widget widget_sow-image panel-first-child panel-last-child\" data-index=\"0\" ><div\n\t\t\t\n\t\t\tclass=\"so-widget-sow-image so-widget-sow-image-default-8b5b6f678277-2053\"\n\t\t\t\n\t\t>\n<div class=\"sow-image-container\">\n\t\t<img \n\tsrc=\"https:\/\/hogwild.cz\/wp-content\/uploads\/2024\/03\/Lada-HW-profil-01.jpg\" width=\"1414\" height=\"1609\" srcset=\"https:\/\/hogwild.cz\/wp-content\/uploads\/2024\/03\/Lada-HW-profil-01.jpg 1414w, https:\/\/hogwild.cz\/wp-content\/uploads\/2024\/03\/Lada-HW-profil-01-264x300.jpg 264w, https:\/\/hogwild.cz\/wp-content\/uploads\/2024\/03\/Lada-HW-profil-01-900x1024.jpg 900w, https:\/\/hogwild.cz\/wp-content\/uploads\/2024\/03\/Lada-HW-profil-01-768x874.jpg 768w, https:\/\/hogwild.cz\/wp-content\/uploads\/2024\/03\/Lada-HW-profil-01-1350x1536.jpg 1350w\" sizes=\"(max-width: 1414px) 100vw, 1414px\" title=\"Lada HW 01\" alt=\"\" \t\tclass=\"so-widget-image\"\/>\n\t<\/div>\n\n<\/div><\/div><\/div><div id=\"pgc-2053-0-1\"  class=\"panel-grid-cell\" ><div id=\"panel-2053-0-1-0\" class=\"so-panel widget widget_sow-editor panel-first-child panel-last-child\" data-index=\"1\" ><div\n\t\t\t\n\t\t\tclass=\"so-widget-sow-editor so-widget-sow-editor-base\"\n\t\t\t\n\t\t>\n<div class=\"siteorigin-widget-tinymce textwidget\">\n\t<h5><strong>LADA HOGWILD<\/strong>, narozen\u00e1 21.6.2021<\/h5>\n<h5>V\u00fd\u0161ka: 27cm<\/h5>\n<h5>Zdravotn\u00ed vy\u0161et\u0159en\u00ed:<\/h5>\n<h5><span class=\"x193iq5w xeuugli x13faqbe x1vvkbs x1xmvt09 x1lliihq x1s928wv xhkezso x1gmr53x x1cpjm7i x1fgarty x1943h6x xtoi2st x3x7a5m x1603h9y x1u7k74 xo1l8bm xzsf02u x1yc453h\" dir=\"auto\"><span class=\"x193iq5w xeuugli x13faqbe x1vvkbs x1xmvt09 x1lkfr7t x1lbecb7 xo1l8bm xzsf02u\">Baer bilateral hearing <\/span><\/span><\/h5>\n<h5><span class=\"x193iq5w xeuugli x13faqbe x1vvkbs x1xmvt09 x1lliihq x1s928wv xhkezso x1gmr53x x1cpjm7i x1fgarty x1943h6x xtoi2st x3x7a5m x1603h9y x1u7k74 xo1l8bm xzsf02u x1yc453h\" dir=\"auto\"><span class=\"x193iq5w xeuugli x13faqbe x1vvkbs x1xmvt09 x1lkfr7t x1lbecb7 xo1l8bm xzsf02u\">Free from hereditary eye defects LP 0\/0 <\/span><\/span><\/h5>\n<h5><span class=\"x193iq5w xeuugli x13faqbe x1vvkbs x1xmvt09 x1lliihq x1s928wv xhkezso x1gmr53x x1cpjm7i x1fgarty x1943h6x xtoi2st x3x7a5m x1603h9y x1u7k74 xo1l8bm xzsf02u x1yc453h\" dir=\"auto\"><span class=\"x193iq5w xeuugli x13faqbe x1vvkbs x1xmvt09 x1lkfr7t x1lbecb7 xo1l8bm xzsf02u\">Breeding female SCA N\/N LOA N\/N<\/span><\/span><\/h5>\n<p>&nbsp;<\/p>\n<h5>V\u00fdstavn\u00ed ocen\u011bn\u00ed:<\/h5>\n<h5>Excellent Lada HogWild CAC Medugorje 3.5.2023<\/h5>\n<h5>Excellent 1, CAC, BOB CACIB Medugorje 3.5.2023<\/h5>\n<h5>Excellent 2, res. CAC CAC Medugorje 4.5.2023 Excellent 2, res. CAC<\/h5>\n<\/div>\n<\/div><\/div><\/div><\/div><div id=\"pg-2053-1\"  class=\"panel-grid panel-no-style\" ><div id=\"pgc-2053-1-0\"  class=\"panel-grid-cell\" ><div id=\"panel-2053-1-0-0\" class=\"so-panel widget widget_sow-image panel-first-child panel-last-child\" data-index=\"2\" ><div\n\t\t\t\n\t\t\tclass=\"so-widget-sow-image so-widget-sow-image-default-8b5b6f678277-2053\"\n\t\t\t\n\t\t>\n<div class=\"sow-image-container\">\n\t\t<img \n\tsrc=\"https:\/\/hogwild.cz\/wp-content\/uploads\/2024\/03\/Lada-HW-profil-02.jpg\" width=\"1242\" height=\"1478\" srcset=\"https:\/\/hogwild.cz\/wp-content\/uploads\/2024\/03\/Lada-HW-profil-02.jpg 1242w, https:\/\/hogwild.cz\/wp-content\/uploads\/2024\/03\/Lada-HW-profil-02-252x300.jpg 252w, https:\/\/hogwild.cz\/wp-content\/uploads\/2024\/03\/Lada-HW-profil-02-860x1024.jpg 860w, https:\/\/hogwild.cz\/wp-content\/uploads\/2024\/03\/Lada-HW-profil-02-768x914.jpg 768w\" sizes=\"(max-width: 1242px) 100vw, 1242px\" title=\"Lada HW 02\" alt=\"\" \t\tclass=\"so-widget-image\"\/>\n\t<\/div>\n\n<\/div><\/div><\/div><div id=\"pgc-2053-1-1\"  class=\"panel-grid-cell\" ><div id=\"panel-2053-1-1-0\" class=\"so-panel widget widget_sow-image panel-first-child panel-last-child\" data-index=\"3\" ><div\n\t\t\t\n\t\t\tclass=\"so-widget-sow-image so-widget-sow-image-default-8b5b6f678277-2053\"\n\t\t\t\n\t\t>\n<div class=\"sow-image-container\">\n\t\t<img \n\tsrc=\"https:\/\/hogwild.cz\/wp-content\/uploads\/2024\/03\/Lada-HW-profil-03.jpg\" width=\"1238\" height=\"1543\" srcset=\"https:\/\/hogwild.cz\/wp-content\/uploads\/2024\/03\/Lada-HW-profil-03.jpg 1238w, https:\/\/hogwild.cz\/wp-content\/uploads\/2024\/03\/Lada-HW-profil-03-241x300.jpg 241w, https:\/\/hogwild.cz\/wp-content\/uploads\/2024\/03\/Lada-HW-profil-03-822x1024.jpg 822w, https:\/\/hogwild.cz\/wp-content\/uploads\/2024\/03\/Lada-HW-profil-03-768x957.jpg 768w, https:\/\/hogwild.cz\/wp-content\/uploads\/2024\/03\/Lada-HW-profil-03-1232x1536.jpg 1232w\" sizes=\"(max-width: 1238px) 100vw, 1238px\" title=\"Lada HW 03\" alt=\"\" \t\tclass=\"so-widget-image\"\/>\n\t<\/div>\n\n<\/div><\/div><\/div><div id=\"pgc-2053-1-2\"  class=\"panel-grid-cell\" ><div id=\"panel-2053-1-2-0\" class=\"so-panel widget widget_sow-image panel-first-child panel-last-child\" data-index=\"4\" ><div\n\t\t\t\n\t\t\tclass=\"so-widget-sow-image so-widget-sow-image-default-8b5b6f678277-2053\"\n\t\t\t\n\t\t>\n<div class=\"sow-image-container\">\n\t\t<img \n\tsrc=\"https:\/\/hogwild.cz\/wp-content\/uploads\/2024\/03\/Lada-HW-Titul-Medjugorje-2023.jpg\" width=\"960\" height=\"720\" srcset=\"https:\/\/hogwild.cz\/wp-content\/uploads\/2024\/03\/Lada-HW-Titul-Medjugorje-2023.jpg 960w, https:\/\/hogwild.cz\/wp-content\/uploads\/2024\/03\/Lada-HW-Titul-Medjugorje-2023-300x225.jpg 300w, https:\/\/hogwild.cz\/wp-content\/uploads\/2024\/03\/Lada-HW-Titul-Medjugorje-2023-768x576.jpg 768w\" sizes=\"(max-width: 960px) 100vw, 960px\" title=\"Lada HW Titul Medjugorje 2023\" alt=\"\" \t\tclass=\"so-widget-image\"\/>\n\t<\/div>\n\n<\/div><\/div><\/div><\/div><div id=\"pg-2053-2\"  class=\"panel-grid panel-no-style\" ><div id=\"pgc-2053-2-0\"  class=\"panel-grid-cell\" ><div id=\"panel-2053-2-0-0\" class=\"so-panel widget widget_sow-editor panel-first-child panel-last-child\" data-index=\"5\" ><div\n\t\t\t\n\t\t\tclass=\"so-widget-sow-editor so-widget-sow-editor-base\"\n\t\t\t\n\t\t>\n<div class=\"siteorigin-widget-tinymce textwidget\">\n\t<h4>Otec Lady HW:<\/h4>\n<h5><strong>DAMI\u00c1N HOGWILD, narozen 25.1.2017, vlastn\u00ed odchov<\/strong><\/h5>\n<h5>Hladkosrst\u00fd, barva b\u00edl\u00e1 s hn\u011bd\u00fdmi znaky<\/h5>\n<h5>Plnochrup\u00fd<\/h5>\n<h5>V\u00fd\u0161ka 28cm<\/h5>\n<h5>Zdravotn\u00ed testy: PLL\/SCA\/LOA - clear, DOV - neg., PL - 0\/0<\/h5>\n<h5>V\u00fdstavn\u00ed \u00fasp\u011bchy: Krajsk\u00fd v\u00edt\u011bz, V\u00edt\u011bz t\u0159\u00eddy, V\u00fdborn\u00fd 1<\/h5>\n<p>V majetku man\u017eel\u016f Krycnerov\u00fdch.<\/p>\n<\/div>\n<\/div><\/div><\/div><div id=\"pgc-2053-2-1\"  class=\"panel-grid-cell\" ><div id=\"panel-2053-2-1-0\" class=\"so-panel widget widget_sow-image panel-first-child panel-last-child\" data-index=\"6\" ><div\n\t\t\t\n\t\t\tclass=\"so-widget-sow-image so-widget-sow-image-default-8b5b6f678277-2053\"\n\t\t\t\n\t\t>\n<div class=\"sow-image-container\">\n\t\t<img \n\tsrc=\"https:\/\/hogwild.cz\/wp-content\/uploads\/2021\/03\/Damian-HW_01.jpg\" width=\"779\" height=\"688\" srcset=\"https:\/\/hogwild.cz\/wp-content\/uploads\/2021\/03\/Damian-HW_01.jpg 779w, https:\/\/hogwild.cz\/wp-content\/uploads\/2021\/03\/Damian-HW_01-300x265.jpg 300w, https:\/\/hogwild.cz\/wp-content\/uploads\/2021\/03\/Damian-HW_01-768x678.jpg 768w\" sizes=\"(max-width: 779px) 100vw, 779px\" title=\"Damian HW_01\" alt=\"\" \t\tclass=\"so-widget-image\"\/>\n\t<\/div>\n\n<\/div><\/div><\/div><\/div><div id=\"pg-2053-3\"  class=\"panel-grid panel-no-style\" ><div id=\"pgc-2053-3-0\"  class=\"panel-grid-cell\" ><div id=\"panel-2053-3-0-0\" class=\"so-panel widget widget_sow-editor panel-first-child panel-last-child\" data-index=\"7\" ><div\n\t\t\t\n\t\t\tclass=\"so-widget-sow-editor so-widget-sow-editor-base\"\n\t\t\t\n\t\t>\n<div class=\"siteorigin-widget-tinymce textwidget\">\n\t<h4>Matka Lady HW:<\/h4>\n<h5><strong>COOKIE NIMBLE TAIL<\/strong>, narozena 9.2.2019, import z Rusk\u00e9 Federace<\/h5>\n<h5>Hladkosrst\u00e1, tricolor<\/h5>\n<h5>Plnochrup\u00e1<\/h5>\n<h5>V\u00fd\u0161ka 27cm<\/h5>\n<h5>Zdravotn\u00ed testy: PLL, LOA, SCA, DOV - v\u0161e negativn\u00ed,<\/h5>\n<h5>Luxace pately 0\/0<\/h5>\n<\/div>\n<\/div><\/div><\/div><div id=\"pgc-2053-3-1\"  class=\"panel-grid-cell\" ><div id=\"panel-2053-3-1-0\" class=\"so-panel widget widget_sow-image panel-first-child panel-last-child\" data-index=\"8\" ><div\n\t\t\t\n\t\t\tclass=\"so-widget-sow-image so-widget-sow-image-default-8b5b6f678277-2053\"\n\t\t\t\n\t\t>\n<div class=\"sow-image-container\">\n\t\t<img \n\tsrc=\"https:\/\/hogwild.cz\/wp-content\/uploads\/2021\/07\/Cookie-NT_03-1.jpg\" width=\"693\" height=\"689\" srcset=\"https:\/\/hogwild.cz\/wp-content\/uploads\/2021\/07\/Cookie-NT_03-1.jpg 693w, https:\/\/hogwild.cz\/wp-content\/uploads\/2021\/07\/Cookie-NT_03-1-150x150.jpg 150w, https:\/\/hogwild.cz\/wp-content\/uploads\/2021\/07\/Cookie-NT_03-1-300x298.jpg 300w\" sizes=\"(max-width: 693px) 100vw, 693px\" title=\"Cookie NT_03\" alt=\"\" \t\tclass=\"so-widget-image\"\/>\n\t<\/div>\n\n<\/div><\/div><\/div><\/div><div id=\"pg-2053-4\"  class=\"panel-grid panel-no-style\" ><div id=\"pgc-2053-4-0\"  class=\"panel-grid-cell\" ><div id=\"panel-2053-4-0-0\" class=\"so-panel widget widget_sow-editor panel-first-child panel-last-child\" data-index=\"9\" ><div\n\t\t\t\n\t\t\tclass=\"so-widget-sow-editor so-widget-sow-editor-base\"\n\t\t\t\n\t\t>\n<div class=\"siteorigin-widget-tinymce textwidget\">\n\t<h5>Cookie m\u00e1 vynikaj\u00edc\u00ed p\u016fvod a mnoho rok\u016f hledan\u00fd typ hladk\u00e9 homozygotn\u00ed variety v tricolorn\u00ed barv\u011b, nav\u00edc s vlohou pro \"black white\" zbarven\u00ed. Jej\u00ed projev je teri\u00e9rsky typick\u00fd (nadpr\u016fm\u011brnou inteligenci a bystrost vyva\u017euje empatie a schopnost absolutn\u00edho klidu a vyrovnanosti) oko\u0159en\u011bn\u00fd mimo\u0159\u00e1dnou vazbou na svoj\u00ed rodinu. A\u010d velik\u00e1 osobnost, je naprosto nekonfliktn\u00ed.<\/h5>\n<\/div>\n<\/div><\/div><\/div><div id=\"pgc-2053-4-1\"  class=\"panel-grid-cell\" ><div id=\"panel-2053-4-1-0\" class=\"so-panel widget widget_sow-image panel-first-child panel-last-child\" data-index=\"10\" ><div\n\t\t\t\n\t\t\tclass=\"so-widget-sow-image so-widget-sow-image-default-8b5b6f678277-2053\"\n\t\t\t\n\t\t>\n<div class=\"sow-image-container\">\n\t\t<img \n\tsrc=\"https:\/\/hogwild.cz\/wp-content\/uploads\/2021\/07\/Ozn\u00e1menka-Nimble-Tail.jpg\" width=\"555\" height=\"682\" srcset=\"https:\/\/hogwild.cz\/wp-content\/uploads\/2021\/07\/Ozn\u00e1menka-Nimble-Tail.jpg 555w, https:\/\/hogwild.cz\/wp-content\/uploads\/2021\/07\/Ozn\u00e1menka-Nimble-Tail-244x300.jpg 244w\" sizes=\"(max-width: 555px) 100vw, 555px\" title=\"Ozn\u00e1menka Nimble Tail\" alt=\"\" \t\tclass=\"so-widget-image\"\/>\n\t<\/div>\n\n<\/div><\/div><\/div><\/div><\/div>","protected":false},"excerpt":{"rendered":"<p>LADA HOGWILD, narozen\u00e1 21.6.2021 V\u00fd\u0161ka: 27cm Zdravotn\u00ed vy\u0161et\u0159en\u00ed: Baer bilateral hearing Free from hereditary eye defects LP 0\/0 Breeding female SCA N\/N LOA N\/N &nbsp; V\u00fdstavn\u00ed ocen\u011bn\u00ed: Excellent Lada HogWild CAC Medugorje 3.5.2023 Excellent 1, CAC, BOB CACIB Medugorje 3.5.2023 Excellent 2, res. CAC CAC Medugorje 4.5.2023 Excellent 2, res. CAC<\/p>\n","protected":false},"author":1,"featured_media":0,"parent":189,"menu_order":0,"comment_status":"closed","ping_status":"closed","template":"templates\/template-full.php","meta":{"footnotes":""},"class_list":["post-2053","page","type-page","status-publish","hentry","post"],"_links":{"self":[{"href":"https:\/\/hogwild.cz\/index.php?rest_route=\/wp\/v2\/pages\/2053","targetHints":{"allow":["GET"]}}],"collection":[{"href":"https:\/\/hogwild.cz\/index.php?rest_route=\/wp\/v2\/pages"}],"about":[{"href":"https:\/\/hogwild.cz\/index.php?rest_route=\/wp\/v2\/types\/page"}],"author":[{"embeddable":true,"href":"https:\/\/hogwild.cz\/index.php?rest_route=\/wp\/v2\/users\/1"}],"replies":[{"embeddable":true,"href":"https:\/\/hogwild.cz\/index.php?rest_route=%2Fwp%2Fv2%2Fcomments&post=2053"}],"version-history":[{"count":16,"href":"https:\/\/hogwild.cz\/index.php?rest_route=\/wp\/v2\/pages\/2053\/revisions"}],"predecessor-version":[{"id":3078,"href":"https:\/\/hogwild.cz\/index.php?rest_route=\/wp\/v2\/pages\/2053\/revisions\/3078"}],"up":[{"embeddable":true,"href":"https:\/\/hogwild.cz\/index.php?rest_route=\/wp\/v2\/pages\/189"}],"wp:attachment":[{"href":"https:\/\/hogwild.cz\/index.php?rest_route=%2Fwp%2Fv2%2Fmedia&parent=2053"}],"curies":[{"name":"wp","href":"https:\/\/api.w.org\/{rel}","templated":true}]}}