{"id":2803,"date":"2025-01-29T16:40:21","date_gmt":"2025-01-29T15:40:21","guid":{"rendered":"https:\/\/hogwild.cz\/?page_id=2803"},"modified":"2025-09-27T12:22:54","modified_gmt":"2025-09-27T10:22:54","slug":"klondike-ferarry-stile","status":"publish","type":"page","link":"https:\/\/hogwild.cz\/?page_id=2803","title":{"rendered":"KLONDIKE FERARRY STILE"},"content":{"rendered":"<div id=\"pl-2803\"  class=\"panel-layout\" ><div id=\"pg-2803-0\"  class=\"panel-grid panel-no-style\" ><div id=\"pgc-2803-0-0\"  class=\"panel-grid-cell\" ><div id=\"panel-2803-0-0-0\" class=\"so-panel widget widget_sow-image panel-first-child panel-last-child\" data-index=\"0\" ><div\n\t\t\t\n\t\t\tclass=\"so-widget-sow-image so-widget-sow-image-default-8b5b6f678277-2803\"\n\t\t\t\n\t\t>\n<div class=\"sow-image-container\">\n\t\t<img \n\tsrc=\"https:\/\/hogwild.cz\/wp-content\/uploads\/2025\/01\/Klondike-01.jpg\" width=\"787\" height=\"1136\" srcset=\"https:\/\/hogwild.cz\/wp-content\/uploads\/2025\/01\/Klondike-01.jpg 787w, https:\/\/hogwild.cz\/wp-content\/uploads\/2025\/01\/Klondike-01-208x300.jpg 208w, https:\/\/hogwild.cz\/wp-content\/uploads\/2025\/01\/Klondike-01-709x1024.jpg 709w, https:\/\/hogwild.cz\/wp-content\/uploads\/2025\/01\/Klondike-01-768x1109.jpg 768w\" sizes=\"(max-width: 787px) 100vw, 787px\" title=\"Klondike 01\" alt=\"\" \t\tclass=\"so-widget-image\"\/>\n\t<\/div>\n\n<\/div><\/div><\/div><div id=\"pgc-2803-0-1\"  class=\"panel-grid-cell\" ><div id=\"panel-2803-0-1-0\" class=\"so-panel widget widget_sow-editor panel-first-child panel-last-child\" data-index=\"1\" ><div\n\t\t\t\n\t\t\tclass=\"so-widget-sow-editor so-widget-sow-editor-base\"\n\t\t\t\n\t\t>\n<div class=\"siteorigin-widget-tinymce textwidget\">\n\t<p>\"Dike\" P\u0159ekonal na cest\u011b k n\u00e1m velikou d\u00e1lku, jeho rodokmenov\u00fd p\u016fvod sah\u00e1 je\u0161t\u011b d\u00e1l. Narodil se na Ukrajin\u011b, jeho nejbli\u017e\u0161\u00ed p\u0159edci nesou ta nejzvu\u010dn\u011bj\u0161\u00ed jm\u00e9na presti\u017en\u00edch lini\u00ed a\u017e z poza oce\u00e1nu. Tenhle kluk v\u00e1m o\u010dima vezme srdce. M\u00e1 n\u00e1dhernou kostru, dokonal\u00fd a u plemene velmi \u017e\u00e1dan\u00fd front, impozantn\u00ed hlavu a typick\u00fd sam\u010d\u00ed v\u00fdraz. A prav\u00fd chlap to opravdu je! S projevem hrd\u00e9 osobnosti a n\u00e1klonnosti z\u00e1rove\u0148. V\u00fdstav zat\u00edm absolvoval jen p\u00e1r, z\u00edskal v\u00fdborn\u00e1 hodnocen\u00ed, ale st\u00e1le je na startu a zat\u00edm ve v\u00fdvinu. Jeho otec pat\u0159\u00ed v sou\u010dasn\u00e9 dob\u011b k nej\u00fasp\u011b\u0161n\u011bj\u0161\u00edm p\u0159edstavitel\u016fm plemene na sv\u011bt\u011b, co\u017e dokazuje v\u00edt\u011bzstv\u00edmi na kl\u00e1n\u00edch nejvy\u0161\u0161\u00edch, jako je nap\u0159\u00edklad v\u00edt\u011bzstv\u00ed na nejpresti\u017en\u011bj\u0161\u00ed v\u00fdstav\u011b Crufts, nebo titul Sv\u011btov\u00fd V\u00edt\u011bz. Klondika ur\u010dit\u011b \u010dek\u00e1 je\u0161t\u011b mnoho v\u00fdzev, ty v\u00fdcvikov\u00e9 nevyj\u00edmaje. M\u00e1 v\u00fdraznou vlohu pro pasen\u00ed a z\u00e1jem o jak\u00fdkoli v\u00fdcvik, od klasick\u00e9ho a\u017e k trik\u016fm. Velk\u00e9 srdce a srdnatost ho \u010din\u00ed mimo\u0159\u00e1dn\u00fdm p\u0159\u00edtelem a souputn\u00edkem \u017eivotem.<\/p>\n<p>Velk\u00e1 fotogalerie je <a href=\"https:\/\/www.rajce.idnes.cz\/hogwild\/album\/klond-ferarry-stile\">ZDE<\/a><\/p>\n<\/div>\n<\/div><\/div><\/div><\/div><div id=\"pg-2803-1\"  class=\"panel-grid panel-no-style\" ><div id=\"pgc-2803-1-0\"  class=\"panel-grid-cell\" ><div id=\"panel-2803-1-0-0\" class=\"so-panel widget widget_sow-editor panel-first-child panel-last-child\" data-index=\"2\" ><div\n\t\t\t\n\t\t\tclass=\"so-widget-sow-editor so-widget-sow-editor-base\"\n\t\t\t\n\t\t>\n<div class=\"siteorigin-widget-tinymce textwidget\">\n\t<h3>Klondike Ferarry Stile\/Dike\u00a0je ofici\u00e1ln\u011b <span style=\"color: #ff0000;\">N\u00c1RODN\u00cd \u0160AMPION<\/span>!<\/h3>\n<\/div>\n<\/div><\/div><\/div><div id=\"pgc-2803-1-1\"  class=\"panel-grid-cell\" ><div id=\"panel-2803-1-1-0\" class=\"so-panel widget widget_sow-image panel-first-child panel-last-child\" data-index=\"3\" ><div\n\t\t\t\n\t\t\tclass=\"so-widget-sow-image so-widget-sow-image-default-8b5b6f678277-2803\"\n\t\t\t\n\t\t>\n<div class=\"sow-image-container\">\n\t\t<img \n\tsrc=\"https:\/\/hogwild.cz\/wp-content\/uploads\/2025\/09\/08__NV-Klatovy-28.6.2025.jpg\" width=\"648\" height=\"897\" srcset=\"https:\/\/hogwild.cz\/wp-content\/uploads\/2025\/09\/08__NV-Klatovy-28.6.2025.jpg 648w, https:\/\/hogwild.cz\/wp-content\/uploads\/2025\/09\/08__NV-Klatovy-28.6.2025-217x300.jpg 217w\" sizes=\"(max-width: 648px) 100vw, 648px\" title=\"NV Klatovy 28.6.2025\" alt=\"\" \t\tclass=\"so-widget-image\"\/>\n\t<\/div>\n\n<\/div><\/div><\/div><\/div><div id=\"pg-2803-2\"  class=\"panel-grid panel-no-style\" ><div id=\"pgc-2803-2-0\"  class=\"panel-grid-cell\" ><div id=\"panel-2803-2-0-0\" class=\"so-panel widget widget_sow-image panel-first-child panel-last-child\" data-index=\"4\" ><div\n\t\t\t\n\t\t\tclass=\"so-widget-sow-image so-widget-sow-image-default-8b5b6f678277-2803\"\n\t\t\t\n\t\t>\n<div class=\"sow-image-container\">\n\t\t<img \n\tsrc=\"https:\/\/hogwild.cz\/wp-content\/uploads\/2025\/01\/Klondike-02.jpg\" width=\"913\" height=\"700\" srcset=\"https:\/\/hogwild.cz\/wp-content\/uploads\/2025\/01\/Klondike-02.jpg 913w, https:\/\/hogwild.cz\/wp-content\/uploads\/2025\/01\/Klondike-02-300x230.jpg 300w, https:\/\/hogwild.cz\/wp-content\/uploads\/2025\/01\/Klondike-02-768x589.jpg 768w\" sizes=\"(max-width: 913px) 100vw, 913px\" title=\"Klondike 02\" alt=\"\" \t\tclass=\"so-widget-image\"\/>\n\t<\/div>\n\n<\/div><\/div><\/div><div id=\"pgc-2803-2-1\"  class=\"panel-grid-cell\" ><div id=\"panel-2803-2-1-0\" class=\"so-panel widget widget_sow-editor panel-first-child panel-last-child\" data-index=\"5\" ><div\n\t\t\t\n\t\t\tclass=\"so-widget-sow-editor so-widget-sow-editor-base\"\n\t\t\t\n\t\t>\n<div class=\"siteorigin-widget-tinymce textwidget\">\n\t<h3>\u00a0Tituly:<\/h3>\n<p>Excellent, CAC, ResCACIB, ResCAC<\/p>\n<p>&nbsp;<\/p>\n<h3>Zdrav\u00ed:<\/h3>\n<p>SOD1 DM, XSCID (imunodeficience), PRA-rcd3 (progresivn\u00ed region\u00e1ln\u00ed atrofie), vWD (von Willebrandova choroba) - all CLEAR! FGF5 N\/N - (fluffy clear)!!<\/p>\n<p>LTV negative, Spondy negative, OCD negative<\/p>\n<\/div>\n<\/div><\/div><\/div><div id=\"pgc-2803-2-2\"  class=\"panel-grid-cell\" ><div id=\"panel-2803-2-2-0\" class=\"so-panel widget widget_sow-image panel-first-child panel-last-child\" data-index=\"6\" ><div\n\t\t\t\n\t\t\tclass=\"so-widget-sow-image so-widget-sow-image-default-8b5b6f678277-2803\"\n\t\t\t\n\t\t>\n<div class=\"sow-image-container\">\n\t\t<img \n\tsrc=\"https:\/\/hogwild.cz\/wp-content\/uploads\/2025\/01\/Klondike-03.jpg\" width=\"670\" height=\"977\" srcset=\"https:\/\/hogwild.cz\/wp-content\/uploads\/2025\/01\/Klondike-03.jpg 670w, https:\/\/hogwild.cz\/wp-content\/uploads\/2025\/01\/Klondike-03-206x300.jpg 206w\" sizes=\"(max-width: 670px) 100vw, 670px\" title=\"Klondike 03\" alt=\"\" \t\tclass=\"so-widget-image\"\/>\n\t<\/div>\n\n<\/div><\/div><\/div><\/div><div id=\"pg-2803-3\"  class=\"panel-grid panel-no-style\" ><div id=\"pgc-2803-3-0\"  class=\"panel-grid-cell\" ><div id=\"panel-2803-3-0-0\" class=\"so-panel widget widget_sow-image panel-first-child panel-last-child\" data-index=\"7\" ><div\n\t\t\t\n\t\t\tclass=\"so-widget-sow-image so-widget-sow-image-default-8b5b6f678277-2803\"\n\t\t\t\n\t\t>\n<div class=\"sow-image-container\">\n\t\t<img \n\tsrc=\"https:\/\/hogwild.cz\/wp-content\/uploads\/2025\/01\/Klondike-04.jpg\" width=\"1039\" height=\"1094\" srcset=\"https:\/\/hogwild.cz\/wp-content\/uploads\/2025\/01\/Klondike-04.jpg 1039w, https:\/\/hogwild.cz\/wp-content\/uploads\/2025\/01\/Klondike-04-285x300.jpg 285w, https:\/\/hogwild.cz\/wp-content\/uploads\/2025\/01\/Klondike-04-973x1024.jpg 973w, https:\/\/hogwild.cz\/wp-content\/uploads\/2025\/01\/Klondike-04-768x809.jpg 768w\" sizes=\"(max-width: 1039px) 100vw, 1039px\" title=\"Klondike 04\" alt=\"\" \t\tclass=\"so-widget-image\"\/>\n\t<\/div>\n\n<\/div><\/div><\/div><div id=\"pgc-2803-3-1\"  class=\"panel-grid-cell\" ><div id=\"panel-2803-3-1-0\" class=\"so-panel widget widget_sow-image panel-first-child panel-last-child\" data-index=\"8\" ><div\n\t\t\t\n\t\t\tclass=\"so-widget-sow-image so-widget-sow-image-default-8b5b6f678277-2803\"\n\t\t\t\n\t\t>\n<div class=\"sow-image-container\">\n\t\t<img \n\tsrc=\"https:\/\/hogwild.cz\/wp-content\/uploads\/2025\/01\/Klondike-05.jpg\" width=\"1145\" height=\"917\" srcset=\"https:\/\/hogwild.cz\/wp-content\/uploads\/2025\/01\/Klondike-05.jpg 1145w, https:\/\/hogwild.cz\/wp-content\/uploads\/2025\/01\/Klondike-05-300x240.jpg 300w, https:\/\/hogwild.cz\/wp-content\/uploads\/2025\/01\/Klondike-05-1024x820.jpg 1024w, https:\/\/hogwild.cz\/wp-content\/uploads\/2025\/01\/Klondike-05-768x615.jpg 768w\" sizes=\"(max-width: 1145px) 100vw, 1145px\" title=\"Klondike 05\" alt=\"\" \t\tclass=\"so-widget-image\"\/>\n\t<\/div>\n\n<\/div><\/div><\/div><div id=\"pgc-2803-3-2\"  class=\"panel-grid-cell\" ><div id=\"panel-2803-3-2-0\" class=\"so-panel widget widget_sow-image panel-first-child panel-last-child\" data-index=\"9\" ><div\n\t\t\t\n\t\t\tclass=\"so-widget-sow-image so-widget-sow-image-default-8b5b6f678277-2803\"\n\t\t\t\n\t\t>\n<div class=\"sow-image-container\">\n\t\t<img \n\tsrc=\"https:\/\/hogwild.cz\/wp-content\/uploads\/2025\/01\/Klondike-06.jpg\" width=\"599\" height=\"747\" srcset=\"https:\/\/hogwild.cz\/wp-content\/uploads\/2025\/01\/Klondike-06.jpg 599w, https:\/\/hogwild.cz\/wp-content\/uploads\/2025\/01\/Klondike-06-241x300.jpg 241w\" sizes=\"(max-width: 599px) 100vw, 599px\" title=\"Klondike 06\" alt=\"\" \t\tclass=\"so-widget-image\"\/>\n\t<\/div>\n\n<\/div><\/div><\/div><\/div><div id=\"pg-2803-4\"  class=\"panel-grid panel-no-style\" ><div id=\"pgc-2803-4-0\"  class=\"panel-grid-cell\" ><div id=\"panel-2803-4-0-0\" class=\"so-panel widget widget_sow-editor panel-first-child panel-last-child\" data-index=\"10\" ><div\n\t\t\t\n\t\t\tclass=\"so-widget-sow-editor so-widget-sow-editor-base\"\n\t\t\t\n\t\t>\n<div class=\"siteorigin-widget-tinymce textwidget\">\n\t<p style=\"text-align: center;\">Rodokmen <a href=\"http:\/\/www.cardiped.net\/details.php?id=109916\">OTEC<\/a><\/p>\n<\/div>\n<\/div><\/div><\/div><div id=\"pgc-2803-4-1\"  class=\"panel-grid-cell\" ><div id=\"panel-2803-4-1-0\" class=\"so-panel widget widget_sow-editor panel-first-child panel-last-child\" data-index=\"11\" ><div\n\t\t\t\n\t\t\tclass=\"so-widget-sow-editor so-widget-sow-editor-base\"\n\t\t\t\n\t\t>\n<div class=\"siteorigin-widget-tinymce textwidget\">\n\t<p style=\"text-align: center;\">Rodokmen <a href=\"http:\/\/www.cardiped.net\/details.php?id=98579\">MATKA<\/a><\/p>\n<\/div>\n<\/div><\/div><\/div><\/div><div id=\"pg-2803-5\"  class=\"panel-grid panel-no-style\" ><div id=\"pgc-2803-5-0\"  class=\"panel-grid-cell\" ><div id=\"panel-2803-5-0-0\" class=\"so-panel widget widget_sow-image panel-first-child panel-last-child\" data-index=\"12\" ><div\n\t\t\t\n\t\t\tclass=\"so-widget-sow-image so-widget-sow-image-default-8b5b6f678277-2803\"\n\t\t\t\n\t\t><h3 class=\"widget-title\">Klondike rodi\u010de<\/h3>\n<div class=\"sow-image-container\">\n\t\t<img \n\tsrc=\"https:\/\/hogwild.cz\/wp-content\/uploads\/2025\/01\/Klondike-rodice.jpg\" width=\"1536\" height=\"1190\" srcset=\"https:\/\/hogwild.cz\/wp-content\/uploads\/2025\/01\/Klondike-rodice.jpg 1536w, https:\/\/hogwild.cz\/wp-content\/uploads\/2025\/01\/Klondike-rodice-300x232.jpg 300w, https:\/\/hogwild.cz\/wp-content\/uploads\/2025\/01\/Klondike-rodice-1024x793.jpg 1024w, https:\/\/hogwild.cz\/wp-content\/uploads\/2025\/01\/Klondike-rodice-768x595.jpg 768w\" sizes=\"(max-width: 1536px) 100vw, 1536px\" title=\"Klondike rodi\u010de\" alt=\"\" \t\tclass=\"so-widget-image\"\/>\n\t<\/div>\n\n<\/div><\/div><\/div><div id=\"pgc-2803-5-1\"  class=\"panel-grid-cell\" ><div id=\"panel-2803-5-1-0\" class=\"so-panel widget widget_sow-image panel-first-child panel-last-child\" data-index=\"13\" ><div\n\t\t\t\n\t\t\tclass=\"so-widget-sow-image so-widget-sow-image-default-8b5b6f678277-2803\"\n\t\t\t\n\t\t><h3 class=\"widget-title\">Klondike\u016fv otec - Major Point Tourmaline Sherl: WORLD WINNER 2024 BEST OF BREED<\/h3>\n<div class=\"sow-image-container\">\n\t\t<img \n\tsrc=\"https:\/\/hogwild.cz\/wp-content\/uploads\/2025\/01\/Klondikeuv-otec.jpg\" width=\"720\" height=\"929\" srcset=\"https:\/\/hogwild.cz\/wp-content\/uploads\/2025\/01\/Klondikeuv-otec.jpg 720w, https:\/\/hogwild.cz\/wp-content\/uploads\/2025\/01\/Klondikeuv-otec-233x300.jpg 233w\" sizes=\"(max-width: 720px) 100vw, 720px\" title=\"Klondike\u016fv otec - Major Point Tourmaline Sherl: WORLD WINNER 2024 BEST OF BREED\" alt=\"\" \t\tclass=\"so-widget-image\"\/>\n\t<\/div>\n\n<\/div><\/div><\/div><\/div><\/div>","protected":false},"excerpt":{"rendered":"<p>&#8222;Dike&#8220; P\u0159ekonal na cest\u011b k n\u00e1m velikou d\u00e1lku, jeho rodokmenov\u00fd p\u016fvod sah\u00e1 je\u0161t\u011b d\u00e1l. Narodil se na Ukrajin\u011b, jeho nejbli\u017e\u0161\u00ed p\u0159edci nesou ta nejzvu\u010dn\u011bj\u0161\u00ed jm\u00e9na presti\u017en\u00edch lini\u00ed a\u017e z poza oce\u00e1nu. Tenhle kluk v\u00e1m o\u010dima vezme srdce. M\u00e1 n\u00e1dhernou kostru, dokonal\u00fd a u plemene velmi \u017e\u00e1dan\u00fd front, impozantn\u00ed hlavu a typick\u00fd sam\u010d\u00ed v\u00fdraz. A prav\u00fd [&hellip;]<\/p>\n","protected":false},"author":1,"featured_media":0,"parent":0,"menu_order":0,"comment_status":"closed","ping_status":"closed","template":"","meta":{"footnotes":""},"class_list":["post-2803","page","type-page","status-publish","hentry","post"],"_links":{"self":[{"href":"https:\/\/hogwild.cz\/index.php?rest_route=\/wp\/v2\/pages\/2803","targetHints":{"allow":["GET"]}}],"collection":[{"href":"https:\/\/hogwild.cz\/index.php?rest_route=\/wp\/v2\/pages"}],"about":[{"href":"https:\/\/hogwild.cz\/index.php?rest_route=\/wp\/v2\/types\/page"}],"author":[{"embeddable":true,"href":"https:\/\/hogwild.cz\/index.php?rest_route=\/wp\/v2\/users\/1"}],"replies":[{"embeddable":true,"href":"https:\/\/hogwild.cz\/index.php?rest_route=%2Fwp%2Fv2%2Fcomments&post=2803"}],"version-history":[{"count":7,"href":"https:\/\/hogwild.cz\/index.php?rest_route=\/wp\/v2\/pages\/2803\/revisions"}],"predecessor-version":[{"id":3039,"href":"https:\/\/hogwild.cz\/index.php?rest_route=\/wp\/v2\/pages\/2803\/revisions\/3039"}],"wp:attachment":[{"href":"https:\/\/hogwild.cz\/index.php?rest_route=%2Fwp%2Fv2%2Fmedia&parent=2803"}],"curies":[{"name":"wp","href":"https:\/\/api.w.org\/{rel}","templated":true}]}}