{"id":3091,"date":"2026-02-06T18:10:57","date_gmt":"2026-02-06T17:10:57","guid":{"rendered":"https:\/\/hogwild.cz\/?page_id=3091"},"modified":"2026-02-06T18:35:47","modified_gmt":"2026-02-06T17:35:47","slug":"lovelace-vision-beautiful","status":"publish","type":"page","link":"https:\/\/hogwild.cz\/?page_id=3091","title":{"rendered":"LOVELACE VISION BEAUTIFUL"},"content":{"rendered":"<div id=\"pl-gb3091-69e1ca59e2056\"  class=\"panel-layout\" ><div id=\"pg-gb3091-69e1ca59e2056-0\"  class=\"panel-grid panel-no-style\" ><div id=\"pgc-gb3091-69e1ca59e2056-0-0\"  class=\"panel-grid-cell\" ><div id=\"panel-gb3091-69e1ca59e2056-0-0-0\" class=\"so-panel widget widget_sow-image panel-first-child panel-last-child\" data-index=\"0\" ><div\n\t\t\t\n\t\t\tclass=\"so-widget-sow-image so-widget-sow-image-default-8b5b6f678277-3091\"\n\t\t\t\n\t\t>\n<div class=\"sow-image-container\">\n\t\t<img \n\tsrc=\"https:\/\/hogwild.cz\/wp-content\/uploads\/2023\/01\/Majki-02.jpg\" width=\"741\" height=\"1046\" srcset=\"https:\/\/hogwild.cz\/wp-content\/uploads\/2023\/01\/Majki-02.jpg 741w, https:\/\/hogwild.cz\/wp-content\/uploads\/2023\/01\/Majki-02-213x300.jpg 213w, https:\/\/hogwild.cz\/wp-content\/uploads\/2023\/01\/Majki-02-725x1024.jpg 725w\" sizes=\"(max-width: 741px) 100vw, 741px\" title=\"Mikie 02\" alt=\"\" \t\tclass=\"so-widget-image\"\/>\n\t<\/div>\n\n<\/div><\/div><\/div><div id=\"pgc-gb3091-69e1ca59e2056-0-1\"  class=\"panel-grid-cell\" ><div id=\"panel-gb3091-69e1ca59e2056-0-1-0\" class=\"so-panel widget widget_sow-editor panel-first-child panel-last-child\" data-index=\"1\" ><div\n\t\t\t\n\t\t\tclass=\"so-widget-sow-editor so-widget-sow-editor-base\"\n\t\t\t\n\t\t>\n<div class=\"siteorigin-widget-tinymce textwidget\">\n\t<h4>V1, V\u00edt\u011bz t\u0159\u00eddy Krajsk\u00e1 v\u00fdstava Rokycany 2022, MNVP Klatovy 2022 V1, VT CAC, VT Oblastn\u00ed V\u00edt\u011bz, 2022, 2022 MNVP \u010cesk\u00e9 Bud\u011bjovice V2 Res CAC,V1, CAC, CACIB, BOS,Medugorje, 4.5. 2023, V1, CAC BOS Medugorje3.5 2023, Champion federationof Bosnia a Hercegovina, CHampion of Bosna a HercegovinaBOS Winner, 2.3. 2024 V2 ResCAC Speci\u00e1ln\u00ed v\u00fdstava KCHT LP 0\/0,Full teeth, Free from hereditarieye defects, SCA N\/N, PRKDC SCID N\/N, PRA -prcd N\/N LOA N\/N , SOD(DM) N\/N, PLL N\/N, FGF5 N\/N, PLL N\/N, PITRN 1 N\/N Genomia Plze\u0148<\/h4>\n<\/div>\n<\/div><\/div><\/div><\/div><\/div>\n\n\n<p><\/p>\n","protected":false},"excerpt":{"rendered":"<p>V1, V\u00edt\u011bz t\u0159\u00eddy Krajsk\u00e1 v\u00fdstava Rokycany 2022, MNVP Klatovy 2022 V1, VT CAC, VT Oblastn\u00ed V\u00edt\u011bz, 2022, 2022 MNVP \u010cesk\u00e9 Bud\u011bjovice V2 Res CAC,V1, CAC, CACIB, BOS,Medugorje, 4.5. 2023, V1, CAC BOS Medugorje3.5 2023, Champion federationof Bosnia a Hercegovina, CHampion of Bosna a HercegovinaBOS Winner, 2.3. 2024 V2 ResCAC Speci\u00e1ln\u00ed v\u00fdstava KCHT LP 0\/0,Full teeth, [&hellip;]<\/p>\n","protected":false},"author":1,"featured_media":0,"parent":2264,"menu_order":0,"comment_status":"closed","ping_status":"closed","template":"templates\/template-full.php","meta":{"footnotes":""},"class_list":["post-3091","page","type-page","status-publish","hentry","post"],"_links":{"self":[{"href":"https:\/\/hogwild.cz\/index.php?rest_route=\/wp\/v2\/pages\/3091","targetHints":{"allow":["GET"]}}],"collection":[{"href":"https:\/\/hogwild.cz\/index.php?rest_route=\/wp\/v2\/pages"}],"about":[{"href":"https:\/\/hogwild.cz\/index.php?rest_route=\/wp\/v2\/types\/page"}],"author":[{"embeddable":true,"href":"https:\/\/hogwild.cz\/index.php?rest_route=\/wp\/v2\/users\/1"}],"replies":[{"embeddable":true,"href":"https:\/\/hogwild.cz\/index.php?rest_route=%2Fwp%2Fv2%2Fcomments&post=3091"}],"version-history":[{"count":3,"href":"https:\/\/hogwild.cz\/index.php?rest_route=\/wp\/v2\/pages\/3091\/revisions"}],"predecessor-version":[{"id":3096,"href":"https:\/\/hogwild.cz\/index.php?rest_route=\/wp\/v2\/pages\/3091\/revisions\/3096"}],"up":[{"embeddable":true,"href":"https:\/\/hogwild.cz\/index.php?rest_route=\/wp\/v2\/pages\/2264"}],"wp:attachment":[{"href":"https:\/\/hogwild.cz\/index.php?rest_route=%2Fwp%2Fv2%2Fmedia&parent=3091"}],"curies":[{"name":"wp","href":"https:\/\/api.w.org\/{rel}","templated":true}]}}